{"id":127,"date":"2015-08-28T22:20:33","date_gmt":"2015-08-28T20:20:33","guid":{"rendered":"http:\/\/podruznica-javorje.splet.arnes.si\/?page_id=127"},"modified":"2024-09-23T14:26:24","modified_gmt":"2024-09-23T12:26:24","slug":"jedilniki","status":"publish","type":"page","link":"https:\/\/podruznica-javorje.splet.arnes.si\/?page_id=127","title":{"rendered":"Jedilniki"},"content":{"rendered":"<p>Povezava na <a href=\"http:\/\/sola-poljane.splet.arnes.si\/?page_id=8756\">stran mati\u010dne \u0161ole<\/a><\/p>\n<p>Preberite si \u010dlanek &#8211; <a href=\"https:\/\/podruznica-javorje.splet.arnes.si\/?attachment_id=9550\" rel=\"attachment wp-att-9550\">Skupaj_do_zdravih_prehranskih_navad<\/a><\/p>\n","protected":false},"excerpt":{"rendered":"<p>Povezava na stran mati\u010dne \u0161ole Preberite si \u010dlanek &#8211; Skupaj_do_zdravih_prehranskih_navad<\/p>\n","protected":false},"author":1973,"featured_media":0,"parent":0,"menu_order":10,"comment_status":"open","ping_status":"open","template":"","meta":{"_et_pb_use_builder":"","_et_pb_old_content":"","_et_gb_content_width":"","ngg_post_thumbnail":0,"footnotes":""},"class_list":["post-127","page","type-page","status-publish","hentry"],"_links":{"self":[{"href":"https:\/\/podruznica-javorje.splet.arnes.si\/index.php?rest_route=\/wp\/v2\/pages\/127","targetHints":{"allow":["GET"]}}],"collection":[{"href":"https:\/\/podruznica-javorje.splet.arnes.si\/index.php?rest_route=\/wp\/v2\/pages"}],"about":[{"href":"https:\/\/podruznica-javorje.splet.arnes.si\/index.php?rest_route=\/wp\/v2\/types\/page"}],"author":[{"embeddable":true,"href":"https:\/\/podruznica-javorje.splet.arnes.si\/index.php?rest_route=\/wp\/v2\/users\/1973"}],"replies":[{"embeddable":true,"href":"https:\/\/podruznica-javorje.splet.arnes.si\/index.php?rest_route=%2Fwp%2Fv2%2Fcomments&post=127"}],"version-history":[{"count":4,"href":"https:\/\/podruznica-javorje.splet.arnes.si\/index.php?rest_route=\/wp\/v2\/pages\/127\/revisions"}],"predecessor-version":[{"id":9552,"href":"https:\/\/podruznica-javorje.splet.arnes.si\/index.php?rest_route=\/wp\/v2\/pages\/127\/revisions\/9552"}],"wp:attachment":[{"href":"https:\/\/podruznica-javorje.splet.arnes.si\/index.php?rest_route=%2Fwp%2Fv2%2Fmedia&parent=127"}],"curies":[{"name":"wp","href":"https:\/\/api.w.org\/{rel}","templated":true}]}}