{"id":51,"date":"2015-06-13T08:20:30","date_gmt":"2015-06-13T06:20:30","guid":{"rendered":"http:\/\/podruznica-javorje.splet.arnes.si\/?page_id=51"},"modified":"2025-12-02T09:57:54","modified_gmt":"2025-12-02T08:57:54","slug":"zaposleni","status":"publish","type":"page","link":"https:\/\/podruznica-javorje.splet.arnes.si\/?page_id=51","title":{"rendered":"Zaposleni na P\u0160 Javorje"},"content":{"rendered":"<h3>U\u010diteljice in u\u010ditelji<\/h3>\n<p>&nbsp;<\/p>\n<table style=\"height: 364px;border-color: #ffffff;background-color: #ffffff;width: 737px\">\n<tbody>\n<tr style=\"height: 23px\">\n<td style=\"width: 145.038px;height: 23px\">1. razred<\/td>\n<td style=\"width: 291.075px;height: 23px\">Maja Kokalj<\/p>\n<p>Katja Zorko<\/td>\n<td style=\"width: 282.087px;height: 23px\">maja.kokalj(at)sola-poljane.si<\/p>\n<p>katja.zorko(at)sola-poljane.si<\/td>\n<\/tr>\n<tr style=\"height: 23px\">\n<td style=\"width: 145.038px;height: 46px\">2. in 3. razred<\/td>\n<td style=\"width: 291.075px;height: 46px\">Barbara Dolenec<\/td>\n<td style=\"width: 282.087px;height: 46px\">barbara.dolenec(at)sola-poljane.si<\/td>\n<\/tr>\n<tr style=\"height: 23px\">\n<td style=\"width: 145.038px;height: 38px\">4. razred<\/td>\n<td style=\"width: 291.075px;height: 38px\">Lea Kos<\/td>\n<td style=\"width: 282.087px;height: 38px\">lea.kos(at)sola-poljane.si<\/td>\n<\/tr>\n<tr style=\"height: 23px\">\n<td style=\"width: 145.038px;height: 41px\">5. razred<\/td>\n<td style=\"width: 291.075px;height: 41px\">Marta Gornik<\/td>\n<td style=\"width: 282.087px;height: 41px\">marta.gornik(at)sola-poljane.si<\/td>\n<\/tr>\n<tr style=\"height: 23px\">\n<td style=\"width: 145.038px;height: 43px\">\u0160PO, GIB<\/td>\n<td style=\"width: 291.075px;height: 43px\">Jolanda Mur<\/td>\n<td style=\"width: 282.087px;height: 43px\">jolanda.mur(at)sola-poljane.si<\/td>\n<\/tr>\n<tr style=\"height: 23px\">\n<td style=\"width: 145.038px;height: 49px\">TJA<\/td>\n<td style=\"width: 291.075px;height: 49px\">Tja\u0161a Jelov\u010dan<\/td>\n<td class=\"column-4\" style=\"width: 282.087px;height: 49px\">tjasa.jelovcan(at)sola-poljane.si<\/td>\n<\/tr>\n<tr style=\"height: 23px\">\n<td style=\"width: 145.038px;height: 43px\">RaP<\/td>\n<td style=\"width: 291.075px;height: 43px\">Rok Kr\u017ei\u0161nik<\/td>\n<td style=\"width: 282.087px;height: 43px\">rok.krzisnik(at)sola-poljane.si<\/td>\n<\/tr>\n<tr style=\"height: 23px\">\n<td style=\"width: 145.038px;height: 10px\">&nbsp;<\/td>\n<td style=\"width: 291.075px;height: 10px\">Marko Lu\u017eevi\u010d<\/td>\n<td style=\"width: 282.087px;height: 10px\">marko.luzevic(at)sola-poljane.si<\/td>\n<\/tr>\n<tr style=\"height: 23px\">\n<td style=\"width: 145.038px;height: 48px\">&nbsp;<\/td>\n<td style=\"width: 291.075px;height: 48px\">Matja\u017e Slabe<\/td>\n<td style=\"width: 282.087px;height: 48px\">matjaz. slabe(at)sola-poljane.si<\/td>\n<\/tr>\n<tr style=\"height: 23px\">\n<td style=\"width: 145.038px;height: 23px\">&nbsp;<\/td>\n<td style=\"width: 291.075px;height: 23px\">&nbsp;<\/td>\n<td style=\"width: 282.087px;height: 23px\">&nbsp;<\/td>\n<\/tr>\n<\/tbody>\n<\/table>\n<h3>&nbsp;<\/h3>\n<h3>Tehni\u010dne delavke in delavci<\/h3>\n<p>&nbsp;<\/p>\n<p>Kuhar: Matej Mohori\u010d<\/p>\n<p>\u010cistilka: Tadeja Jesenko<\/p>\n<p>Hi\u0161nika: Du\u0161an Skopec, Peter Herega<\/p>\n","protected":false},"excerpt":{"rendered":"<p>U\u010diteljice in u\u010ditelji &nbsp; 1. razred Maja Kokalj Katja Zorko maja.kokalj(at)sola-poljane.si katja.zorko(at)sola-poljane.si 2. in 3. razred Barbara Dolenec barbara.dolenec(at)sola-poljane.si 4. razred Lea Kos lea.kos(at)sola-poljane.si 5. razred Marta Gornik marta.gornik(at)sola-poljane.si \u0160PO, GIB Jolanda Mur jolanda.mur(at)sola-poljane.si TJA Tja\u0161a Jelov\u010dan tjasa.jelovcan(at)sola-poljane.si RaP Rok Kr\u017ei\u0161nik rok.krzisnik(at)sola-poljane.si &nbsp; Marko Lu\u017eevi\u010d marko.luzevic(at)sola-poljane.si &nbsp; Matja\u017e Slabe matjaz. slabe(at)sola-poljane.si &nbsp; &nbsp; &nbsp; &nbsp; [&hellip;]<\/p>\n","protected":false},"author":1973,"featured_media":0,"parent":4,"menu_order":2,"comment_status":"open","ping_status":"open","template":"","meta":{"_et_pb_use_builder":"","_et_pb_old_content":"","_et_gb_content_width":"","ngg_post_thumbnail":0,"footnotes":""},"class_list":["post-51","page","type-page","status-publish","hentry"],"_links":{"self":[{"href":"https:\/\/podruznica-javorje.splet.arnes.si\/index.php?rest_route=\/wp\/v2\/pages\/51","targetHints":{"allow":["GET"]}}],"collection":[{"href":"https:\/\/podruznica-javorje.splet.arnes.si\/index.php?rest_route=\/wp\/v2\/pages"}],"about":[{"href":"https:\/\/podruznica-javorje.splet.arnes.si\/index.php?rest_route=\/wp\/v2\/types\/page"}],"author":[{"embeddable":true,"href":"https:\/\/podruznica-javorje.splet.arnes.si\/index.php?rest_route=\/wp\/v2\/users\/1973"}],"replies":[{"embeddable":true,"href":"https:\/\/podruznica-javorje.splet.arnes.si\/index.php?rest_route=%2Fwp%2Fv2%2Fcomments&post=51"}],"version-history":[{"count":16,"href":"https:\/\/podruznica-javorje.splet.arnes.si\/index.php?rest_route=\/wp\/v2\/pages\/51\/revisions"}],"predecessor-version":[{"id":11583,"href":"https:\/\/podruznica-javorje.splet.arnes.si\/index.php?rest_route=\/wp\/v2\/pages\/51\/revisions\/11583"}],"up":[{"embeddable":true,"href":"https:\/\/podruznica-javorje.splet.arnes.si\/index.php?rest_route=\/wp\/v2\/pages\/4"}],"wp:attachment":[{"href":"https:\/\/podruznica-javorje.splet.arnes.si\/index.php?rest_route=%2Fwp%2Fv2%2Fmedia&parent=51"}],"curies":[{"name":"wp","href":"https:\/\/api.w.org\/{rel}","templated":true}]}}