{"id":8472,"date":"2023-11-07T07:19:22","date_gmt":"2023-11-07T06:19:22","guid":{"rendered":"https:\/\/podruznica-javorje.splet.arnes.si\/?page_id=8472"},"modified":"2023-11-27T21:07:46","modified_gmt":"2023-11-27T20:07:46","slug":"projekt-365-telovadimo","status":"publish","type":"page","link":"https:\/\/podruznica-javorje.splet.arnes.si\/?page_id=8472","title":{"rendered":"365 dni telovadimo vsi"},"content":{"rendered":"<p>365 dni telovadimo vsi je projekt, s katerim stremimo k spodbujanju zdravega na\u010dina \u017eivljenja, saj v na\u0161 vsakdan ume\u0161\u010damo nekaj trenutkov namenjenih gibanju. S preprosto in aktivno dejavnostjo \u017eelimo izbolj\u0161ati gibalne aktivnosti na\u0161ih u\u010dencev in popestriti \u0161olske dopoldneve. Glavno vlogo pri tem prevzemajo peto\u0161olci, ki v vlogi animatorjev, vodijo in navdu\u0161ujejo mlaj\u0161e u\u010dence, za redno izvajanje gibalnih vaj ob glasbi.<\/p>\n<p>Najbolj dragoceno darilo, ki ga lahko podarite sebi in drugemu, je va\u0161 \u010das.<\/p>\n<p>Zato vabljeni, da se nam pridru\u017eite.<\/p>\n<p><a href=\"https:\/\/www.365dnitelovadimovsi.si\/\"><img loading=\"lazy\" decoding=\"async\" class=\"alignnone wp-image-8441 size-full\" src=\"https:\/\/podruznica-javorje.splet.arnes.si\/files\/2023\/10\/logo-365-dni-telovadimo-vsi.png\" alt=\"\" width=\"120\" height=\"120\"><\/a><\/p>\n<p>&nbsp;<\/p>\nngg_shortcode_0_placeholder\n","protected":false},"excerpt":{"rendered":"<p>365 dni telovadimo vsi je projekt, s katerim stremimo k spodbujanju zdravega na\u010dina \u017eivljenja, saj v na\u0161 vsakdan ume\u0161\u010damo nekaj trenutkov namenjenih gibanju. S preprosto in aktivno dejavnostjo \u017eelimo izbolj\u0161ati gibalne aktivnosti na\u0161ih u\u010dencev in popestriti \u0161olske dopoldneve. Glavno vlogo pri tem prevzemajo peto\u0161olci, ki v vlogi animatorjev, vodijo in navdu\u0161ujejo mlaj\u0161e u\u010dence, za redno [&hellip;]<\/p>\n","protected":false},"author":1973,"featured_media":0,"parent":0,"menu_order":0,"comment_status":"closed","ping_status":"closed","template":"","meta":{"_et_pb_use_builder":"","_et_pb_old_content":"","_et_gb_content_width":"","ngg_post_thumbnail":0,"footnotes":""},"class_list":["post-8472","page","type-page","status-publish","hentry"],"_links":{"self":[{"href":"https:\/\/podruznica-javorje.splet.arnes.si\/index.php?rest_route=\/wp\/v2\/pages\/8472","targetHints":{"allow":["GET"]}}],"collection":[{"href":"https:\/\/podruznica-javorje.splet.arnes.si\/index.php?rest_route=\/wp\/v2\/pages"}],"about":[{"href":"https:\/\/podruznica-javorje.splet.arnes.si\/index.php?rest_route=\/wp\/v2\/types\/page"}],"author":[{"embeddable":true,"href":"https:\/\/podruznica-javorje.splet.arnes.si\/index.php?rest_route=\/wp\/v2\/users\/1973"}],"replies":[{"embeddable":true,"href":"https:\/\/podruznica-javorje.splet.arnes.si\/index.php?rest_route=%2Fwp%2Fv2%2Fcomments&post=8472"}],"version-history":[{"count":6,"href":"https:\/\/podruznica-javorje.splet.arnes.si\/index.php?rest_route=\/wp\/v2\/pages\/8472\/revisions"}],"predecessor-version":[{"id":8639,"href":"https:\/\/podruznica-javorje.splet.arnes.si\/index.php?rest_route=\/wp\/v2\/pages\/8472\/revisions\/8639"}],"wp:attachment":[{"href":"https:\/\/podruznica-javorje.splet.arnes.si\/index.php?rest_route=%2Fwp%2Fv2%2Fmedia&parent=8472"}],"curies":[{"name":"wp","href":"https:\/\/api.w.org\/{rel}","templated":true}]}}